{"id":10,"date":"2026-01-20T23:14:02","date_gmt":"2026-01-20T22:14:02","guid":{"rendered":"http:\/\/localhost\/planificacion\/?page_id=10"},"modified":"2026-03-30T23:43:42","modified_gmt":"2026-03-30T21:43:42","slug":"inicio","status":"publish","type":"page","link":"https:\/\/planificacion.tarija.bo\/","title":{"rendered":"Inicio"},"content":{"rendered":"\t\t<div data-elementor-type=\"wp-post\" data-elementor-id=\"10\" class=\"elementor elementor-10\">\n\t\t\t\t<div class=\"elementor-element elementor-element-8286721 e-con-full e-flex elementor-invisible e-con e-parent\" data-id=\"8286721\" data-element_type=\"container\" data-e-type=\"container\" data-settings=\"{&quot;animation&quot;:&quot;fadeInUp&quot;,&quot;background_background&quot;:&quot;classic&quot;}\">\n\t\t\t\t<div class=\"elementor-element elementor-element-5cea1b3 elementor-widget elementor-widget-spacer\" data-id=\"5cea1b3\" data-element_type=\"widget\" data-e-type=\"widget\" data-widget_type=\"spacer.default\">\n\t\t\t\t\t\t\t<div class=\"elementor-spacer\">\n\t\t\t<div class=\"elementor-spacer-inner\"><\/div>\n\t\t<\/div>\n\t\t\t\t\t\t<\/div>\n\t\t\t\t<div class=\"elementor-element elementor-element-fd049dc elementor-widget elementor-widget-heading\" data-id=\"fd049dc\" data-element_type=\"widget\" data-e-type=\"widget\" data-widget_type=\"heading.default\">\n\t\t\t\t\t<h2 class=\"elementor-heading-title elementor-size-default\">PLANES INSTITUCIONALES<\/h2>\t\t\t\t<\/div>\n\t\t<div class=\"elementor-element elementor-element-90fc88a e-flex e-con-boxed e-con e-child\" data-id=\"90fc88a\" data-element_type=\"container\" data-e-type=\"container\">\n\t\t\t\t\t<div class=\"e-con-inner\">\n\t\t<div class=\"elementor-element elementor-element-ed4ee7c e-grid e-con-full e-con e-child\" data-id=\"ed4ee7c\" data-element_type=\"container\" data-e-type=\"container\">\n\t\t\t\t<div class=\"elementor-element elementor-element-a934c4f e-transform elementor-widget elementor-widget-image\" data-id=\"a934c4f\" data-element_type=\"widget\" data-e-type=\"widget\" data-settings=\"{&quot;_transform_scale_effect_hover&quot;:{&quot;unit&quot;:&quot;px&quot;,&quot;size&quot;:1.3,&quot;sizes&quot;:[]},&quot;_transform_scale_effect_hover_tablet&quot;:{&quot;unit&quot;:&quot;px&quot;,&quot;size&quot;:&quot;&quot;,&quot;sizes&quot;:[]},&quot;_transform_scale_effect_hover_mobile&quot;:{&quot;unit&quot;:&quot;px&quot;,&quot;size&quot;:&quot;&quot;,&quot;sizes&quot;:[]}}\" data-widget_type=\"image.default\">\n\t\t\t\t\t\t\t\t\t\t\t\t\t\t\t\t<a href=\"https:\/\/planificacion.tarija.bo\/index.php\/planes_estadisticas__trashed\/poa\/\">\n\t\t\t\t\t\t\t<img decoding=\"async\" width=\"150\" height=\"150\" src=\"https:\/\/planificacion.tarija.bo\/wp-content\/uploads\/2026\/02\/POA-150x150.webp\" class=\"attachment-thumbnail size-thumbnail wp-image-707\" alt=\"\" srcset=\"https:\/\/planificacion.tarija.bo\/wp-content\/uploads\/2026\/02\/POA-150x150.webp 150w, https:\/\/planificacion.tarija.bo\/wp-content\/uploads\/2026\/02\/POA-300x300.webp 300w, https:\/\/planificacion.tarija.bo\/wp-content\/uploads\/2026\/02\/POA-1024x1024.webp 1024w, https:\/\/planificacion.tarija.bo\/wp-content\/uploads\/2026\/02\/POA-768x768.webp 768w, https:\/\/planificacion.tarija.bo\/wp-content\/uploads\/2026\/02\/POA.webp 1080w\" sizes=\"(max-width: 150px) 100vw, 150px\" \/>\t\t\t\t\t\t\t\t<\/a>\n\t\t\t\t\t\t\t\t\t\t\t\t\t\t\t<\/div>\n\t\t\t\t<div class=\"elementor-element elementor-element-8bdd1bb e-transform e-transform elementor-widget elementor-widget-image\" data-id=\"8bdd1bb\" data-element_type=\"widget\" data-e-type=\"widget\" data-settings=\"{&quot;_transform_scale_effect_hover&quot;:{&quot;unit&quot;:&quot;px&quot;,&quot;size&quot;:1.3,&quot;sizes&quot;:[]},&quot;_transform_scale_effect&quot;:{&quot;unit&quot;:&quot;px&quot;,&quot;size&quot;:&quot;&quot;,&quot;sizes&quot;:[]},&quot;_transform_scale_effect_tablet&quot;:{&quot;unit&quot;:&quot;px&quot;,&quot;size&quot;:&quot;&quot;,&quot;sizes&quot;:[]},&quot;_transform_scale_effect_mobile&quot;:{&quot;unit&quot;:&quot;px&quot;,&quot;size&quot;:&quot;&quot;,&quot;sizes&quot;:[]},&quot;_transform_scale_effect_hover_tablet&quot;:{&quot;unit&quot;:&quot;px&quot;,&quot;size&quot;:&quot;&quot;,&quot;sizes&quot;:[]},&quot;_transform_scale_effect_hover_mobile&quot;:{&quot;unit&quot;:&quot;px&quot;,&quot;size&quot;:&quot;&quot;,&quot;sizes&quot;:[]}}\" data-widget_type=\"image.default\">\n\t\t\t\t\t\t\t\t\t\t\t\t\t\t\t\t<a href=\"https:\/\/planificacion.tarija.bo\/index.php\/planes_estadisticas__trashed\/pei\/\">\n\t\t\t\t\t\t\t<img decoding=\"async\" width=\"150\" height=\"150\" src=\"https:\/\/planificacion.tarija.bo\/wp-content\/uploads\/2026\/02\/sub-logo-pEi-2025-150x150.webp\" class=\"attachment-thumbnail size-thumbnail wp-image-664\" alt=\"\" srcset=\"https:\/\/planificacion.tarija.bo\/wp-content\/uploads\/2026\/02\/sub-logo-pEi-2025-150x150.webp 150w, https:\/\/planificacion.tarija.bo\/wp-content\/uploads\/2026\/02\/sub-logo-pEi-2025-300x300.webp 300w, https:\/\/planificacion.tarija.bo\/wp-content\/uploads\/2026\/02\/sub-logo-pEi-2025-1024x1024.webp 1024w, https:\/\/planificacion.tarija.bo\/wp-content\/uploads\/2026\/02\/sub-logo-pEi-2025-768x768.webp 768w, https:\/\/planificacion.tarija.bo\/wp-content\/uploads\/2026\/02\/sub-logo-pEi-2025.webp 1080w\" sizes=\"(max-width: 150px) 100vw, 150px\" \/>\t\t\t\t\t\t\t\t<\/a>\n\t\t\t\t\t\t\t\t\t\t\t\t\t\t\t<\/div>\n\t\t\t\t<div class=\"elementor-element elementor-element-14b2635 e-transform elementor-widget elementor-widget-image\" data-id=\"14b2635\" data-element_type=\"widget\" data-e-type=\"widget\" data-settings=\"{&quot;_transform_scale_effect_hover&quot;:{&quot;unit&quot;:&quot;px&quot;,&quot;size&quot;:1.3,&quot;sizes&quot;:[]},&quot;_transform_scale_effect_hover_tablet&quot;:{&quot;unit&quot;:&quot;px&quot;,&quot;size&quot;:&quot;&quot;,&quot;sizes&quot;:[]},&quot;_transform_scale_effect_hover_mobile&quot;:{&quot;unit&quot;:&quot;px&quot;,&quot;size&quot;:&quot;&quot;,&quot;sizes&quot;:[]}}\" data-widget_type=\"image.default\">\n\t\t\t\t\t\t\t\t\t\t\t\t\t\t\t\t<a href=\"https:\/\/planificacion.tarija.bo\/index.php\/planes_estadisticas__trashed\/ptdi_resumen\/\">\n\t\t\t\t\t\t\t<img decoding=\"async\" width=\"150\" height=\"150\" src=\"https:\/\/planificacion.tarija.bo\/wp-content\/uploads\/2026\/01\/Logo-ptdi-amarillo.png\" class=\"attachment-thumbnail size-thumbnail wp-image-385\" alt=\"\" \/>\t\t\t\t\t\t\t\t<\/a>\n\t\t\t\t\t\t\t\t\t\t\t\t\t\t\t<\/div>\n\t\t\t\t<\/div>\n\t\t\t\t\t<\/div>\n\t\t\t\t<\/div>\n\t\t\t\t<\/div>\n\t\t<div class=\"elementor-element elementor-element-b05fcb6 e-con-full e-flex elementor-invisible e-con e-parent\" data-id=\"b05fcb6\" data-element_type=\"container\" data-e-type=\"container\" data-settings=\"{&quot;animation&quot;:&quot;zoomIn&quot;}\">\n\t\t\t\t<\/div>\n\t\t<div class=\"elementor-element elementor-element-f7aa1d1 e-grid e-con-full e-con e-parent\" data-id=\"f7aa1d1\" data-element_type=\"container\" data-e-type=\"container\">\n\t\t<div class=\"elementor-element elementor-element-8594be5 e-con-full e-flex e-con e-child\" data-id=\"8594be5\" data-element_type=\"container\" data-e-type=\"container\">\n\t\t\t\t<div class=\"elementor-element elementor-element-0a6fa3d e-transform e-transform elementor-widget elementor-widget-image\" data-id=\"0a6fa3d\" data-element_type=\"widget\" data-e-type=\"widget\" data-settings=\"{&quot;_transform_scale_effect&quot;:{&quot;unit&quot;:&quot;px&quot;,&quot;size&quot;:0.9,&quot;sizes&quot;:[]},&quot;_transform_scale_effect_hover&quot;:{&quot;unit&quot;:&quot;px&quot;,&quot;size&quot;:1.1,&quot;sizes&quot;:[]},&quot;_transform_scale_effect_tablet&quot;:{&quot;unit&quot;:&quot;px&quot;,&quot;size&quot;:&quot;&quot;,&quot;sizes&quot;:[]},&quot;_transform_scale_effect_mobile&quot;:{&quot;unit&quot;:&quot;px&quot;,&quot;size&quot;:&quot;&quot;,&quot;sizes&quot;:[]},&quot;_transform_scale_effect_hover_tablet&quot;:{&quot;unit&quot;:&quot;px&quot;,&quot;size&quot;:&quot;&quot;,&quot;sizes&quot;:[]},&quot;_transform_scale_effect_hover_mobile&quot;:{&quot;unit&quot;:&quot;px&quot;,&quot;size&quot;:&quot;&quot;,&quot;sizes&quot;:[]}}\" data-widget_type=\"image.default\">\n\t\t\t\t\t\t\t\t\t\t\t\t\t\t\t\t<a href=\"https:\/\/planificacion.tarija.bo\/wp-content\/uploads\/2026\/02\/DM-011-2021-ESTRUCTURA.pdf\" target=\"_blank\" a=\"\">\n\t\t\t\t\t\t\t<img loading=\"lazy\" decoding=\"async\" width=\"1024\" height=\"379\" src=\"https:\/\/planificacion.tarija.bo\/wp-content\/uploads\/2026\/03\/COMPETENCIAS-DEL-GAMT-1024x379.jpg\" class=\"attachment-large size-large wp-image-1199\" alt=\"\" srcset=\"https:\/\/planificacion.tarija.bo\/wp-content\/uploads\/2026\/03\/COMPETENCIAS-DEL-GAMT-1024x379.jpg 1024w, https:\/\/planificacion.tarija.bo\/wp-content\/uploads\/2026\/03\/COMPETENCIAS-DEL-GAMT-300x111.jpg 300w, https:\/\/planificacion.tarija.bo\/wp-content\/uploads\/2026\/03\/COMPETENCIAS-DEL-GAMT-768x284.jpg 768w, https:\/\/planificacion.tarija.bo\/wp-content\/uploads\/2026\/03\/COMPETENCIAS-DEL-GAMT-1536x569.jpg 1536w, https:\/\/planificacion.tarija.bo\/wp-content\/uploads\/2026\/03\/COMPETENCIAS-DEL-GAMT-2048x759.jpg 2048w\" sizes=\"(max-width: 1024px) 100vw, 1024px\" \/>\t\t\t\t\t\t\t\t<\/a>\n\t\t\t\t\t\t\t\t\t\t\t\t\t\t\t<\/div>\n\t\t\t\t<\/div>\n\t\t<div class=\"elementor-element elementor-element-82ba298 e-con-full e-flex e-con e-child\" data-id=\"82ba298\" data-element_type=\"container\" data-e-type=\"container\">\n\t\t\t\t<div class=\"elementor-element elementor-element-dee4622 e-transform elementor-widget elementor-widget-image\" data-id=\"dee4622\" data-element_type=\"widget\" data-e-type=\"widget\" data-settings=\"{&quot;_transform_scale_effect_hover&quot;:{&quot;unit&quot;:&quot;px&quot;,&quot;size&quot;:1.1,&quot;sizes&quot;:[]},&quot;_transform_scale_effect_hover_tablet&quot;:{&quot;unit&quot;:&quot;px&quot;,&quot;size&quot;:&quot;&quot;,&quot;sizes&quot;:[]},&quot;_transform_scale_effect_hover_mobile&quot;:{&quot;unit&quot;:&quot;px&quot;,&quot;size&quot;:&quot;&quot;,&quot;sizes&quot;:[]}}\" data-widget_type=\"image.default\">\n\t\t\t\t\t\t\t\t\t\t\t\t\t\t\t\t<a href=\"https:\/\/planificacion.tarija.bo\/wp-content\/uploads\/2026\/01\/18.-Estructura-Organizativa-2024-Organo-Ejecutivo-GAMT.pdf\" a=\"\">\n\t\t\t\t\t\t\t<img loading=\"lazy\" decoding=\"async\" width=\"1024\" height=\"379\" src=\"https:\/\/planificacion.tarija.bo\/wp-content\/uploads\/2026\/03\/ORGANIGRAMA-1024x379.jpg\" class=\"attachment-large size-large wp-image-1202\" alt=\"\" srcset=\"https:\/\/planificacion.tarija.bo\/wp-content\/uploads\/2026\/03\/ORGANIGRAMA-1024x379.jpg 1024w, https:\/\/planificacion.tarija.bo\/wp-content\/uploads\/2026\/03\/ORGANIGRAMA-300x111.jpg 300w, https:\/\/planificacion.tarija.bo\/wp-content\/uploads\/2026\/03\/ORGANIGRAMA-768x284.jpg 768w, https:\/\/planificacion.tarija.bo\/wp-content\/uploads\/2026\/03\/ORGANIGRAMA-1536x569.jpg 1536w, https:\/\/planificacion.tarija.bo\/wp-content\/uploads\/2026\/03\/ORGANIGRAMA-2048x759.jpg 2048w\" sizes=\"(max-width: 1024px) 100vw, 1024px\" \/>\t\t\t\t\t\t\t\t<\/a>\n\t\t\t\t\t\t\t\t\t\t\t\t\t\t\t<\/div>\n\t\t\t\t<\/div>\n\t\t<div class=\"elementor-element elementor-element-eca97c6 e-con-full e-flex e-con e-child\" data-id=\"eca97c6\" data-element_type=\"container\" data-e-type=\"container\">\n\t\t\t\t<div class=\"elementor-element elementor-element-360fff5 e-transform elementor-widget elementor-widget-image\" data-id=\"360fff5\" data-element_type=\"widget\" data-e-type=\"widget\" data-settings=\"{&quot;_transform_scale_effect_hover&quot;:{&quot;unit&quot;:&quot;px&quot;,&quot;size&quot;:1.1,&quot;sizes&quot;:[]},&quot;_transform_scale_effect_hover_tablet&quot;:{&quot;unit&quot;:&quot;px&quot;,&quot;size&quot;:&quot;&quot;,&quot;sizes&quot;:[]},&quot;_transform_scale_effect_hover_mobile&quot;:{&quot;unit&quot;:&quot;px&quot;,&quot;size&quot;:&quot;&quot;,&quot;sizes&quot;:[]}}\" data-widget_type=\"image.default\">\n\t\t\t\t\t\t\t\t\t\t\t\t\t\t\t\t<a href=\"https:\/\/mapas.tarija.bo\/\" a=\"\">\n\t\t\t\t\t\t\t<img loading=\"lazy\" decoding=\"async\" width=\"1024\" height=\"379\" src=\"https:\/\/planificacion.tarija.bo\/wp-content\/uploads\/2026\/03\/MAPA-DE-PROYECTOS-1024x379.jpg\" class=\"attachment-large size-large wp-image-1200\" alt=\"\" srcset=\"https:\/\/planificacion.tarija.bo\/wp-content\/uploads\/2026\/03\/MAPA-DE-PROYECTOS-1024x379.jpg 1024w, https:\/\/planificacion.tarija.bo\/wp-content\/uploads\/2026\/03\/MAPA-DE-PROYECTOS-300x111.jpg 300w, https:\/\/planificacion.tarija.bo\/wp-content\/uploads\/2026\/03\/MAPA-DE-PROYECTOS-768x284.jpg 768w, https:\/\/planificacion.tarija.bo\/wp-content\/uploads\/2026\/03\/MAPA-DE-PROYECTOS-1536x569.jpg 1536w, https:\/\/planificacion.tarija.bo\/wp-content\/uploads\/2026\/03\/MAPA-DE-PROYECTOS-2048x759.jpg 2048w\" sizes=\"(max-width: 1024px) 100vw, 1024px\" \/>\t\t\t\t\t\t\t\t<\/a>\n\t\t\t\t\t\t\t\t\t\t\t\t\t\t\t<\/div>\n\t\t\t\t<\/div>\n\t\t<div class=\"elementor-element elementor-element-f21946a e-con-full e-flex e-con e-child\" data-id=\"f21946a\" data-element_type=\"container\" data-e-type=\"container\">\n\t\t\t\t<div class=\"elementor-element elementor-element-4bd3cb2 e-transform elementor-widget elementor-widget-image\" data-id=\"4bd3cb2\" data-element_type=\"widget\" data-e-type=\"widget\" data-settings=\"{&quot;_transform_scale_effect_hover&quot;:{&quot;unit&quot;:&quot;px&quot;,&quot;size&quot;:1.1,&quot;sizes&quot;:[]},&quot;_transform_scale_effect_hover_tablet&quot;:{&quot;unit&quot;:&quot;px&quot;,&quot;size&quot;:&quot;&quot;,&quot;sizes&quot;:[]},&quot;_transform_scale_effect_hover_mobile&quot;:{&quot;unit&quot;:&quot;px&quot;,&quot;size&quot;:&quot;&quot;,&quot;sizes&quot;:[]}}\" data-widget_type=\"image.default\">\n\t\t\t\t\t\t\t\t\t\t\t\t\t\t\t\t<a href=\"https:\/\/planificacion.tarija.bo\/index.php\/map_crecimineto\/\" a=\"\">\n\t\t\t\t\t\t\t<img loading=\"lazy\" decoding=\"async\" width=\"1024\" height=\"379\" src=\"https:\/\/planificacion.tarija.bo\/wp-content\/uploads\/2026\/03\/MAPAS-ESTRATEGICOS-1024x379.jpg\" class=\"attachment-large size-large wp-image-1201\" alt=\"\" srcset=\"https:\/\/planificacion.tarija.bo\/wp-content\/uploads\/2026\/03\/MAPAS-ESTRATEGICOS-1024x379.jpg 1024w, https:\/\/planificacion.tarija.bo\/wp-content\/uploads\/2026\/03\/MAPAS-ESTRATEGICOS-300x111.jpg 300w, https:\/\/planificacion.tarija.bo\/wp-content\/uploads\/2026\/03\/MAPAS-ESTRATEGICOS-768x284.jpg 768w, https:\/\/planificacion.tarija.bo\/wp-content\/uploads\/2026\/03\/MAPAS-ESTRATEGICOS-1536x569.jpg 1536w, https:\/\/planificacion.tarija.bo\/wp-content\/uploads\/2026\/03\/MAPAS-ESTRATEGICOS-2048x759.jpg 2048w\" sizes=\"(max-width: 1024px) 100vw, 1024px\" \/>\t\t\t\t\t\t\t\t<\/a>\n\t\t\t\t\t\t\t\t\t\t\t\t\t\t\t<\/div>\n\t\t\t\t<\/div>\n\t\t<div class=\"elementor-element elementor-element-13e9a23 e-con-full e-flex e-con e-child\" data-id=\"13e9a23\" data-element_type=\"container\" data-e-type=\"container\">\n\t\t\t\t<div class=\"elementor-element elementor-element-374c28d e-transform elementor-widget elementor-widget-image\" data-id=\"374c28d\" data-element_type=\"widget\" data-e-type=\"widget\" data-settings=\"{&quot;_transform_scale_effect_hover&quot;:{&quot;unit&quot;:&quot;px&quot;,&quot;size&quot;:1.1,&quot;sizes&quot;:[]},&quot;_transform_scale_effect_hover_tablet&quot;:{&quot;unit&quot;:&quot;px&quot;,&quot;size&quot;:&quot;&quot;,&quot;sizes&quot;:[]},&quot;_transform_scale_effect_hover_mobile&quot;:{&quot;unit&quot;:&quot;px&quot;,&quot;size&quot;:&quot;&quot;,&quot;sizes&quot;:[]}}\" data-widget_type=\"image.default\">\n\t\t\t\t\t\t\t\t\t\t\t\t\t\t\t\t<a href=\"https:\/\/www.tarija.bo\/rendicion-de-cuentas\/\" a=\"\">\n\t\t\t\t\t\t\t<img loading=\"lazy\" decoding=\"async\" width=\"1024\" height=\"379\" src=\"https:\/\/planificacion.tarija.bo\/wp-content\/uploads\/2026\/03\/RENDICION-DE-CUENTAS-1024x379.jpg\" class=\"attachment-large size-large wp-image-1203\" alt=\"\" srcset=\"https:\/\/planificacion.tarija.bo\/wp-content\/uploads\/2026\/03\/RENDICION-DE-CUENTAS-1024x379.jpg 1024w, https:\/\/planificacion.tarija.bo\/wp-content\/uploads\/2026\/03\/RENDICION-DE-CUENTAS-300x111.jpg 300w, https:\/\/planificacion.tarija.bo\/wp-content\/uploads\/2026\/03\/RENDICION-DE-CUENTAS-768x284.jpg 768w, https:\/\/planificacion.tarija.bo\/wp-content\/uploads\/2026\/03\/RENDICION-DE-CUENTAS-1536x569.jpg 1536w, https:\/\/planificacion.tarija.bo\/wp-content\/uploads\/2026\/03\/RENDICION-DE-CUENTAS-2048x759.jpg 2048w\" sizes=\"(max-width: 1024px) 100vw, 1024px\" \/>\t\t\t\t\t\t\t\t<\/a>\n\t\t\t\t\t\t\t\t\t\t\t\t\t\t\t<\/div>\n\t\t\t\t<\/div>\n\t\t\t\t<\/div>\n\t\t<div class=\"elementor-element elementor-element-70c8beb e-con-full e-flex elementor-invisible e-con e-parent\" data-id=\"70c8beb\" data-element_type=\"container\" data-e-type=\"container\" data-settings=\"{&quot;animation&quot;:&quot;fadeInUp&quot;}\">\n\t\t\t\t<div class=\"elementor-element elementor-element-8b8f6a2 elementor-widget elementor-widget-spacer\" data-id=\"8b8f6a2\" data-element_type=\"widget\" data-e-type=\"widget\" data-widget_type=\"spacer.default\">\n\t\t\t\t\t\t\t<div class=\"elementor-spacer\">\n\t\t\t<div class=\"elementor-spacer-inner\"><\/div>\n\t\t<\/div>\n\t\t\t\t\t\t<\/div>\n\t\t\t\t<div class=\"elementor-element elementor-element-b6c3439 elementor-widget__width-inherit elementor-widget elementor-widget-video\" data-id=\"b6c3439\" data-element_type=\"widget\" data-e-type=\"widget\" data-settings=\"{&quot;video_type&quot;:&quot;hosted&quot;,&quot;autoplay&quot;:&quot;yes&quot;,&quot;play_on_mobile&quot;:&quot;yes&quot;,&quot;loop&quot;:&quot;yes&quot;,&quot;start&quot;:0,&quot;mute&quot;:&quot;yes&quot;}\" data-widget_type=\"video.default\">\n\t\t\t\t\t\t\t<div class=\"e-hosted-video elementor-wrapper elementor-open-inline\">\n\t\t\t\t\t<video class=\"elementor-video\" src=\"https:\/\/planificacion.tarija.bo\/wp-content\/uploads\/2026\/03\/dron-con-logo.mp4\" autoplay=\"\" loop=\"\" muted=\"muted\" playsinline=\"\" controlsList=\"nodownload\"><\/video>\n\t\t\t\t<\/div>\n\t\t\t\t\t\t<\/div>\n\t\t\t\t<div class=\"elementor-element elementor-element-244c0f4 elementor-widget elementor-widget-spacer\" data-id=\"244c0f4\" data-element_type=\"widget\" data-e-type=\"widget\" data-widget_type=\"spacer.default\">\n\t\t\t\t\t\t\t<div class=\"elementor-spacer\">\n\t\t\t<div class=\"elementor-spacer-inner\"><\/div>\n\t\t<\/div>\n\t\t\t\t\t\t<\/div>\n\t\t\t\t<\/div>\n\t\t<div class=\"elementor-element elementor-element-41c5606 e-con-full e-flex e-con e-parent\" data-id=\"41c5606\" data-element_type=\"container\" data-e-type=\"container\">\n\t\t\t\t<div class=\"elementor-element elementor-element-38beed5 elementor-invisible elementor-widget elementor-widget-heading\" data-id=\"38beed5\" data-element_type=\"widget\" data-e-type=\"widget\" data-settings=\"{&quot;_animation&quot;:&quot;fadeInLeft&quot;}\" data-widget_type=\"heading.default\">\n\t\t\t\t\t<h1 class=\"elementor-heading-title elementor-size-default\">Datos estadisticos<\/h1>\t\t\t\t<\/div>\n\t\t\t\t<\/div>\n\t\t<div class=\"elementor-element elementor-element-95305b8 e-con-full e-flex e-con e-parent\" data-id=\"95305b8\" data-element_type=\"container\" data-e-type=\"container\" data-settings=\"{&quot;background_background&quot;:&quot;slideshow&quot;,&quot;background_slideshow_gallery&quot;:[{&quot;id&quot;:175,&quot;url&quot;:&quot;https:\\\/\\\/planificacion.tarija.bo\\\/wp-content\\\/uploads\\\/2026\\\/01\\\/lineas-y-puntos-horizontal.jpg&quot;}],&quot;background_slideshow_loop&quot;:&quot;yes&quot;,&quot;background_slideshow_slide_duration&quot;:5000,&quot;background_slideshow_slide_transition&quot;:&quot;fade&quot;,&quot;background_slideshow_transition_duration&quot;:500}\">\n\t\t<div class=\"elementor-element elementor-element-62e1ff4 e-con-full e-flex elementor-invisible e-con e-child\" data-id=\"62e1ff4\" data-element_type=\"container\" data-e-type=\"container\" data-settings=\"{&quot;animation&quot;:&quot;zoomInDown&quot;}\">\n\t\t\t\t<div class=\"elementor-element elementor-element-f90dc5e elementor-position-top elementor-widget elementor-widget-image-box\" data-id=\"f90dc5e\" data-element_type=\"widget\" data-e-type=\"widget\" data-widget_type=\"image-box.default\">\n\t\t\t\t\t<div class=\"elementor-image-box-wrapper\"><figure class=\"elementor-image-box-img\"><img loading=\"lazy\" decoding=\"async\" width=\"1000\" height=\"1000\" src=\"https:\/\/planificacion.tarija.bo\/wp-content\/uploads\/2026\/02\/carnaval-chapaco.webp\" class=\"attachment-full size-full wp-image-781\" alt=\"\" srcset=\"https:\/\/planificacion.tarija.bo\/wp-content\/uploads\/2026\/02\/carnaval-chapaco.webp 1000w, https:\/\/planificacion.tarija.bo\/wp-content\/uploads\/2026\/02\/carnaval-chapaco-300x300.webp 300w, https:\/\/planificacion.tarija.bo\/wp-content\/uploads\/2026\/02\/carnaval-chapaco-150x150.webp 150w, https:\/\/planificacion.tarija.bo\/wp-content\/uploads\/2026\/02\/carnaval-chapaco-768x768.png 768w\" sizes=\"(max-width: 1000px) 100vw, 1000px\" \/><\/figure><div class=\"elementor-image-box-content\"><h2 class=\"elementor-image-box-title\">Turismo en Carnaval<\/h2><p class=\"elementor-image-box-description\">Se estima que el 2025 el Carnaval Chapaco gener\u00f3 un movimiento econ\u00f3mico aproximado de m\u00e1s de 59 millones de bolivianos. De acuerdo a datos calculados se estima que llegaron alrededor de 50.000 turistas para esta \u00e9poca festiva a la ciudad de Tarija.<\/p><\/div><\/div>\t\t\t\t<\/div>\n\t\t\t\t<\/div>\n\t\t<div class=\"elementor-element elementor-element-791b9f4 e-con-full e-flex elementor-invisible e-con e-child\" data-id=\"791b9f4\" data-element_type=\"container\" data-e-type=\"container\" data-settings=\"{&quot;animation&quot;:&quot;zoomInDown&quot;}\">\n\t\t\t\t<div class=\"elementor-element elementor-element-23f7dc2 elementor-position-top elementor-widget elementor-widget-image-box\" data-id=\"23f7dc2\" data-element_type=\"widget\" data-e-type=\"widget\" data-widget_type=\"image-box.default\">\n\t\t\t\t\t<div class=\"elementor-image-box-wrapper\"><figure class=\"elementor-image-box-img\"><img loading=\"lazy\" decoding=\"async\" width=\"1000\" height=\"1000\" src=\"https:\/\/planificacion.tarija.bo\/wp-content\/uploads\/2026\/02\/san-roque.png\" class=\"attachment-full size-full wp-image-783\" alt=\"\" srcset=\"https:\/\/planificacion.tarija.bo\/wp-content\/uploads\/2026\/02\/san-roque.png 1000w, https:\/\/planificacion.tarija.bo\/wp-content\/uploads\/2026\/02\/san-roque-300x300.png 300w, https:\/\/planificacion.tarija.bo\/wp-content\/uploads\/2026\/02\/san-roque-150x150.png 150w, https:\/\/planificacion.tarija.bo\/wp-content\/uploads\/2026\/02\/san-roque-768x768.png 768w\" sizes=\"(max-width: 1000px) 100vw, 1000px\" \/><\/figure><div class=\"elementor-image-box-content\"><h2 class=\"elementor-image-box-title\">Turismo en San Roque<\/h2><p class=\"elementor-image-box-description\">El d\u00eda del encierro de San Roque, en base a datos recopilados de las zonas de San Roque y La Pampa, se obtuvo un movimiento econ\u00f3mico promedio de Bs. 83.200. Sin embargo, el m\u00e1ximo pudo haber superado tranquilamente los Bs. 115.000, solo en esa jornada.<\/p><\/div><\/div>\t\t\t\t<\/div>\n\t\t\t\t<\/div>\n\t\t<div class=\"elementor-element elementor-element-646b8e3 e-con-full e-flex e-con e-child\" data-id=\"646b8e3\" data-element_type=\"container\" data-e-type=\"container\">\n\t\t\t\t<div class=\"elementor-element elementor-element-ec185d3 elementor-widget elementor-widget-counter\" data-id=\"ec185d3\" data-element_type=\"widget\" data-e-type=\"widget\" data-widget_type=\"counter.default\">\n\t\t\t\t\t\t\t<div class=\"elementor-counter\">\n\t\t\t<div class=\"elementor-counter-title\">Turistas por carnaval<\/div>\t\t\t<div class=\"elementor-counter-number-wrapper\">\n\t\t\t\t<span class=\"elementor-counter-number-prefix\"><\/span>\n\t\t\t\t<span class=\"elementor-counter-number\" data-duration=\"8000\" data-to-value=\"50000\" data-from-value=\"0\" data-delimiter=\",\">0<\/span>\n\t\t\t\t<span class=\"elementor-counter-number-suffix\"><\/span>\n\t\t\t<\/div>\n\t\t<\/div>\n\t\t\t\t\t\t<\/div>\n\t\t\t\t<\/div>\n\t\t<div class=\"elementor-element elementor-element-a0a7cf1 e-con-full e-flex e-con e-child\" data-id=\"a0a7cf1\" data-element_type=\"container\" data-e-type=\"container\">\n\t\t\t\t<div class=\"elementor-element elementor-element-51fe47b elementor-widget elementor-widget-counter\" data-id=\"51fe47b\" data-element_type=\"widget\" data-e-type=\"widget\" data-widget_type=\"counter.default\">\n\t\t\t\t\t\t\t<div class=\"elementor-counter\">\n\t\t\t<div class=\"elementor-counter-title\">Bs en el encierro de San Roque<\/div>\t\t\t<div class=\"elementor-counter-number-wrapper\">\n\t\t\t\t<span class=\"elementor-counter-number-prefix\"><\/span>\n\t\t\t\t<span class=\"elementor-counter-number\" data-duration=\"2000\" data-to-value=\"115000\" data-from-value=\"0\" data-delimiter=\",\">0<\/span>\n\t\t\t\t<span class=\"elementor-counter-number-suffix\"><\/span>\n\t\t\t<\/div>\n\t\t<\/div>\n\t\t\t\t\t\t<\/div>\n\t\t\t\t<\/div>\n\t\t\t\t<\/div>\n\t\t\t\t<\/div>\n\t\t","protected":false},"excerpt":{"rendered":"<p>PLANES INSTITUCIONALES https:\/\/planificacion.tarija.bo\/wp-content\/uploads\/2026\/03\/dron-con-logo.mp4 Datos estadisticos Turismo en Carnaval Se estima que el 2025 el Carnaval Chapaco gener\u00f3 un movimiento econ\u00f3mico aproximado de m\u00e1s de 59 millones de bolivianos. De acuerdo a datos calculados se estima que llegaron alrededor de 50.000 turistas para esta \u00e9poca festiva a la ciudad de Tarija. Turismo en San Roque El [&hellip;]<\/p>\n","protected":false},"author":1,"featured_media":0,"parent":0,"menu_order":0,"comment_status":"closed","ping_status":"closed","template":"elementor_header_footer","meta":{"footnotes":""},"class_list":["post-10","page","type-page","status-publish","hentry"],"_links":{"self":[{"href":"https:\/\/planificacion.tarija.bo\/index.php\/wp-json\/wp\/v2\/pages\/10","targetHints":{"allow":["GET"]}}],"collection":[{"href":"https:\/\/planificacion.tarija.bo\/index.php\/wp-json\/wp\/v2\/pages"}],"about":[{"href":"https:\/\/planificacion.tarija.bo\/index.php\/wp-json\/wp\/v2\/types\/page"}],"author":[{"embeddable":true,"href":"https:\/\/planificacion.tarija.bo\/index.php\/wp-json\/wp\/v2\/users\/1"}],"replies":[{"embeddable":true,"href":"https:\/\/planificacion.tarija.bo\/index.php\/wp-json\/wp\/v2\/comments?post=10"}],"version-history":[{"count":197,"href":"https:\/\/planificacion.tarija.bo\/index.php\/wp-json\/wp\/v2\/pages\/10\/revisions"}],"predecessor-version":[{"id":1226,"href":"https:\/\/planificacion.tarija.bo\/index.php\/wp-json\/wp\/v2\/pages\/10\/revisions\/1226"}],"wp:attachment":[{"href":"https:\/\/planificacion.tarija.bo\/index.php\/wp-json\/wp\/v2\/media?parent=10"}],"curies":[{"name":"wp","href":"https:\/\/api.w.org\/{rel}","templated":true}]}}